{"id":293,"date":"2022-11-15T17:20:21","date_gmt":"2022-11-15T17:20:21","guid":{"rendered":"http:\/\/fleurdelaw.com\/?page_id=293"},"modified":"2022-11-17T09:47:40","modified_gmt":"2022-11-17T09:47:40","slug":"about-us","status":"publish","type":"page","link":"https:\/\/fleurdelaw.com\/es\/about-us\/","title":{"rendered":"Sobre la Firma"},"content":{"rendered":"<div data-elementor-type=\"wp-page\" data-elementor-id=\"293\" class=\"elementor elementor-293\" data-elementor-post-type=\"page\">\n\t\t\t\t\t\t<section class=\"elementor-section elementor-top-section elementor-element elementor-element-2c53a6c elementor-section-content-middle elementor-reverse-mobile elementor-section-boxed elementor-section-height-default elementor-section-height-default\" data-id=\"2c53a6c\" data-element_type=\"section\" data-e-type=\"section\" data-settings=\"{&quot;background_background&quot;:&quot;classic&quot;}\">\n\t\t\t\t\t\t<div class=\"elementor-container elementor-column-gap-wider\">\n\t\t\t\t\t<div class=\"elementor-column elementor-col-50 elementor-top-column elementor-element elementor-element-3503314\" data-id=\"3503314\" data-element_type=\"column\" data-e-type=\"column\">\n\t\t\t<div class=\"elementor-widget-wrap elementor-element-populated\">\n\t\t\t\t\t\t<div class=\"elementor-element elementor-element-7f7c1ac elementor-widget elementor-widget-heading\" data-id=\"7f7c1ac\" data-element_type=\"widget\" data-e-type=\"widget\" data-widget_type=\"heading.default\">\n\t\t\t\t<div class=\"elementor-widget-container\">\n\t\t\t\t\t<h2 class=\"elementor-heading-title elementor-size-default\">Sobre la Firma<\/h2>\t\t\t\t<\/div>\n\t\t\t\t<\/div>\n\t\t\t\t<div class=\"elementor-element elementor-element-3fc8c0e elementor-widget-mobile__width-inherit elementor-widget elementor-widget-heading\" data-id=\"3fc8c0e\" data-element_type=\"widget\" data-e-type=\"widget\" data-widget_type=\"heading.default\">\n\t\t\t\t<div class=\"elementor-widget-container\">\n\t\t\t\t\t<h2 class=\"elementor-heading-title elementor-size-default translation-block\">Empat\u00eda, amabilidad y excelencia al servicio de <i style=\"color: var(--e-global-color-primary)\">tu bienestar<\/i>.<\/h2>\t\t\t\t<\/div>\n\t\t\t\t<\/div>\n\t\t\t\t<div class=\"elementor-element elementor-element-34d0642 elementor-widget elementor-widget-text-editor\" data-id=\"34d0642\" data-element_type=\"widget\" data-e-type=\"widget\" data-widget_type=\"text-editor.default\">\n\t\t\t\t<div class=\"elementor-widget-container\">\n\t\t\t\t\t\t\t\t\t<p><span style=\"font-weight: 400;\">Fundada y ubicada en Louisville, KY, Flor de Ley es una firma legal que cubre una amplia gama de casos de derecho familiar, incluyendo demandas por violencia dom\u00e9stica, casos de divorcio y reclamos relacionados con separaci\u00f3n de bienes y la custodia de los hijos. Abordando los servicios legales desde un enfoque hol\u00edstico, aprovechamos la experiencia en trabajo social de nuestra abogada principal  para asegurar que no s\u00f3lo estamos preparando un caso ganador, sino que lo estamos haciendo con el objetivo de garantizar tu seguridad y bienestar.<\/span><\/p><p><span style=\"font-weight: 400;\">Como firma, queremos darte la opci\u00f3n de tomar el control de tu vida y de alejarte de situaciones violentas e injustas.<\/span><\/p>\t\t\t\t\t\t\t\t<\/div>\n\t\t\t\t<\/div>\n\t\t\t\t\t<\/div>\n\t\t<\/div>\n\t\t\t\t<div class=\"elementor-column elementor-col-50 elementor-top-column elementor-element elementor-element-f10ab16\" data-id=\"f10ab16\" data-element_type=\"column\" data-e-type=\"column\">\n\t\t\t<div class=\"elementor-widget-wrap elementor-element-populated\">\n\t\t\t\t\t\t<div class=\"elementor-element elementor-element-b4b0f0f fl_img right accent elementor-widget elementor-widget-image\" data-id=\"b4b0f0f\" data-element_type=\"widget\" data-e-type=\"widget\" data-widget_type=\"image.default\">\n\t\t\t\t<div class=\"elementor-widget-container\">\n\t\t\t\t\t\t\t\t\t\t\t\t\t\t\t<img fetchpriority=\"high\" decoding=\"async\" width=\"800\" height=\"534\" src=\"https:\/\/fleurdelaw.com\/wp-content\/uploads\/2022\/11\/miles-manwaring-iWpF3D_M-1g-unsplash-1024x683.jpg\" class=\"attachment-large size-large wp-image-100\" alt=\"\" srcset=\"https:\/\/fleurdelaw.com\/wp-content\/uploads\/2022\/11\/miles-manwaring-iWpF3D_M-1g-unsplash-1024x683.jpg 1024w, https:\/\/fleurdelaw.com\/wp-content\/uploads\/2022\/11\/miles-manwaring-iWpF3D_M-1g-unsplash-300x200.jpg 300w, https:\/\/fleurdelaw.com\/wp-content\/uploads\/2022\/11\/miles-manwaring-iWpF3D_M-1g-unsplash-768x512.jpg 768w, https:\/\/fleurdelaw.com\/wp-content\/uploads\/2022\/11\/miles-manwaring-iWpF3D_M-1g-unsplash-1536x1024.jpg 1536w, https:\/\/fleurdelaw.com\/wp-content\/uploads\/2022\/11\/miles-manwaring-iWpF3D_M-1g-unsplash-18x12.jpg 18w, https:\/\/fleurdelaw.com\/wp-content\/uploads\/2022\/11\/miles-manwaring-iWpF3D_M-1g-unsplash.jpg 1920w\" sizes=\"(max-width: 800px) 100vw, 800px\" \/>\t\t\t\t\t\t\t\t\t\t\t\t\t\t\t<\/div>\n\t\t\t\t<\/div>\n\t\t\t\t\t<\/div>\n\t\t<\/div>\n\t\t\t\t\t<\/div>\n\t\t<\/section>\n\t\t\t\t<section class=\"elementor-section elementor-top-section elementor-element elementor-element-0c5e0bf elementor-section-content-middle elementor-reverse-tablet elementor-section-boxed elementor-section-height-default elementor-section-height-default\" data-id=\"0c5e0bf\" data-element_type=\"section\" data-e-type=\"section\" data-settings=\"{&quot;background_background&quot;:&quot;gradient&quot;}\">\n\t\t\t\t\t\t<div class=\"elementor-container elementor-column-gap-wider\">\n\t\t\t\t\t<div class=\"elementor-column elementor-col-50 elementor-top-column elementor-element elementor-element-118ba98\" data-id=\"118ba98\" data-element_type=\"column\" data-e-type=\"column\">\n\t\t\t<div class=\"elementor-widget-wrap elementor-element-populated\">\n\t\t\t\t\t\t<div class=\"elementor-element elementor-element-21e0e3d fl_img left sec elementor-widget elementor-widget-image\" data-id=\"21e0e3d\" data-element_type=\"widget\" data-e-type=\"widget\" data-widget_type=\"image.default\">\n\t\t\t\t<div class=\"elementor-widget-container\">\n\t\t\t\t\t\t\t\t\t\t\t\t\t\t\t<img decoding=\"async\" width=\"800\" height=\"584\" src=\"https:\/\/fleurdelaw.com\/wp-content\/uploads\/2022\/11\/DSF9695-1024x748.jpg\" class=\"attachment-large size-large wp-image-443\" alt=\"\" srcset=\"https:\/\/fleurdelaw.com\/wp-content\/uploads\/2022\/11\/DSF9695-1024x748.jpg 1024w, https:\/\/fleurdelaw.com\/wp-content\/uploads\/2022\/11\/DSF9695-300x219.jpg 300w, https:\/\/fleurdelaw.com\/wp-content\/uploads\/2022\/11\/DSF9695-768x561.jpg 768w, https:\/\/fleurdelaw.com\/wp-content\/uploads\/2022\/11\/DSF9695-1536x1121.jpg 1536w, https:\/\/fleurdelaw.com\/wp-content\/uploads\/2022\/11\/DSF9695-16x12.jpg 16w, https:\/\/fleurdelaw.com\/wp-content\/uploads\/2022\/11\/DSF9695.jpg 2000w\" sizes=\"(max-width: 800px) 100vw, 800px\" \/>\t\t\t\t\t\t\t\t\t\t\t\t\t\t\t<\/div>\n\t\t\t\t<\/div>\n\t\t\t\t\t<\/div>\n\t\t<\/div>\n\t\t\t\t<div class=\"elementor-column elementor-col-50 elementor-top-column elementor-element elementor-element-77ca959\" data-id=\"77ca959\" data-element_type=\"column\" data-e-type=\"column\">\n\t\t\t<div class=\"elementor-widget-wrap elementor-element-populated\">\n\t\t\t\t\t\t<div class=\"elementor-element elementor-element-0f7bfb2 elementor-widget-mobile__width-inherit elementor-widget elementor-widget-heading\" data-id=\"0f7bfb2\" data-element_type=\"widget\" data-e-type=\"widget\" data-widget_type=\"heading.default\">\n\t\t\t\t<div class=\"elementor-widget-container\">\n\t\t\t\t\t<h2 class=\"elementor-heading-title elementor-size-default translation-block\">Queremos que te <i style=\"color: var(--e-global-color-primary)\">sientas en confianza<\/i> y seguro con la representaci\u00f3n legal que elijas<\/h2>\t\t\t\t<\/div>\n\t\t\t\t<\/div>\n\t\t\t\t<div class=\"elementor-element elementor-element-da6f407 elementor-widget elementor-widget-text-editor\" data-id=\"da6f407\" data-element_type=\"widget\" data-e-type=\"widget\" data-widget_type=\"text-editor.default\">\n\t\t\t\t<div class=\"elementor-widget-container\">\n\t\t\t\t\t\t\t\t\t<p class=\"translation-block\">Como firma, abordamos cada uno de los casos que representamos gui\u00e1ndonos por la filosof\u00eda de que un abogado competente debe preocuparse por el cliente tanto o m\u00e1s que por ganar casos. Mereces contar con una opci\u00f3n que se centre en tu bienestar; deja de sentirte perdido, confundido y rechazado. Agenda una consulta gratuita con Flor de Ley hoy mismo para estar un paso m\u00e1s cerca de la tranquilidad que mereces.<\/p>\t\t\t\t\t\t\t\t<\/div>\n\t\t\t\t<\/div>\n\t\t\t\t\t<\/div>\n\t\t<\/div>\n\t\t\t\t\t<\/div>\n\t\t<\/section>\n\t\t\t\t<section class=\"elementor-section elementor-top-section elementor-element elementor-element-88273c6 elementor-section-content-middle elementor-reverse-mobile elementor-section-boxed elementor-section-height-default elementor-section-height-default\" data-id=\"88273c6\" data-element_type=\"section\" data-e-type=\"section\" data-settings=\"{&quot;background_background&quot;:&quot;gradient&quot;}\">\n\t\t\t\t\t\t<div class=\"elementor-container elementor-column-gap-wider\">\n\t\t\t\t\t<div class=\"elementor-column elementor-col-50 elementor-top-column elementor-element elementor-element-2dc58e3\" data-id=\"2dc58e3\" data-element_type=\"column\" data-e-type=\"column\">\n\t\t\t<div class=\"elementor-widget-wrap elementor-element-populated\">\n\t\t\t\t\t\t<div class=\"elementor-element elementor-element-8059e84 elementor-widget elementor-widget-heading\" data-id=\"8059e84\" data-element_type=\"widget\" data-e-type=\"widget\" data-widget_type=\"heading.default\">\n\t\t\t\t<div class=\"elementor-widget-container\">\n\t\t\t\t\t<h2 class=\"elementor-heading-title elementor-size-default\">Sobre Samantha<\/h2>\t\t\t\t<\/div>\n\t\t\t\t<\/div>\n\t\t\t\t<div class=\"elementor-element elementor-element-92314e7 elementor-widget-mobile__width-inherit elementor-widget elementor-widget-heading\" data-id=\"92314e7\" data-element_type=\"widget\" data-e-type=\"widget\" data-widget_type=\"heading.default\">\n\t\t\t\t<div class=\"elementor-widget-container\">\n\t\t\t\t\t<h2 class=\"elementor-heading-title elementor-size-default translation-block\">\u00a1Hola, soy <i style=\"color: var(--e-global-color-primary)\">Samantha Hall<\/i>!<\/h2>\t\t\t\t<\/div>\n\t\t\t\t<\/div>\n\t\t\t\t<div class=\"elementor-element elementor-element-9741195 elementor-widget elementor-widget-text-editor\" data-id=\"9741195\" data-element_type=\"widget\" data-e-type=\"widget\" data-widget_type=\"text-editor.default\">\n\t\t\t\t<div class=\"elementor-widget-container\">\n\t\t\t\t\t\t\t\t\t<p><span style=\"font-weight: 400;\">Soy una Louisvilliana de toda la vida y el primer abogado de mi familia. Me preocupo por tus problemas y te escuchar\u00e9 y te ayudar\u00e9 a encontrar una soluci\u00f3n.<\/span><\/p><p><span style=\"font-weight: 400;\">Me dedico a ayudar a las personas a prosperar en sus vidas. Reconozco que los procesos legales pueden ser desalentadores; mi trabajo como su abogado es ser el experto en tu caso para que t\u00fa puedas ser el experto en el resto de tu vida.<\/span><\/p><p><span style=\"font-weight: 400;\">Me apasionan especialmente las leyes de familia e inmigraci\u00f3n y tengo experiencia en ambas \u00e1reas. Mi devoci\u00f3n comenz\u00f3 con una Licenciatura en Trabajo Social y continu\u00f3 en mi carrera en la facultad de derecho mientras pasaba los veranos haciendo trabajo de inmigraci\u00f3n y un a\u00f1o practicando casos de violencia dom\u00e9stica y mediando acuerdos de tiempo de crianza.<\/span><\/p><p><span style=\"font-weight: 400;\">En 2020, el 54% de los estudiantes de derecho eran mujeres, pero las mujeres constitu\u00edan s\u00f3lo el 25% de los socios designados en los bufetes de abogados de todo el pa\u00eds.<\/span><\/p><p><span style=\"font-weight: 400;\">Seg\u00fan un estudio de El Abogado Americano, \u201clas mujeres lograr\u00e1n la paridad de g\u00e9nero en sociedades de equidad en 160 a\u00f1os\u201d.<\/span><\/p><p><span style=\"font-weight: 400;\">Esos son algunos n\u00fameros bastante sombr\u00edos.<\/span><\/p>\t\t\t\t\t\t\t\t<\/div>\n\t\t\t\t<\/div>\n\t\t\t\t\t<\/div>\n\t\t<\/div>\n\t\t\t\t<div class=\"elementor-column elementor-col-50 elementor-top-column elementor-element elementor-element-541834c\" data-id=\"541834c\" data-element_type=\"column\" data-e-type=\"column\">\n\t\t\t<div class=\"elementor-widget-wrap elementor-element-populated\">\n\t\t\t\t\t\t<div class=\"elementor-element elementor-element-b1fea8e fl_img right accent saman elementor-widget elementor-widget-image\" data-id=\"b1fea8e\" data-element_type=\"widget\" data-e-type=\"widget\" data-widget_type=\"image.default\">\n\t\t\t\t<div class=\"elementor-widget-container\">\n\t\t\t\t\t\t\t\t\t\t\t\t\t\t\t<img decoding=\"async\" width=\"683\" height=\"1024\" src=\"https:\/\/fleurdelaw.com\/wp-content\/uploads\/2022\/11\/DSF9570-683x1024.jpg\" class=\"attachment-large size-large wp-image-442\" alt=\"\" srcset=\"https:\/\/fleurdelaw.com\/wp-content\/uploads\/2022\/11\/DSF9570-683x1024.jpg 683w, https:\/\/fleurdelaw.com\/wp-content\/uploads\/2022\/11\/DSF9570-200x300.jpg 200w, https:\/\/fleurdelaw.com\/wp-content\/uploads\/2022\/11\/DSF9570-768x1152.jpg 768w, https:\/\/fleurdelaw.com\/wp-content\/uploads\/2022\/11\/DSF9570-1024x1536.jpg 1024w, https:\/\/fleurdelaw.com\/wp-content\/uploads\/2022\/11\/DSF9570-1365x2048.jpg 1365w, https:\/\/fleurdelaw.com\/wp-content\/uploads\/2022\/11\/DSF9570-8x12.jpg 8w, https:\/\/fleurdelaw.com\/wp-content\/uploads\/2022\/11\/DSF9570-scaled.jpg 1707w\" sizes=\"(max-width: 683px) 100vw, 683px\" \/>\t\t\t\t\t\t\t\t\t\t\t\t\t\t\t<\/div>\n\t\t\t\t<\/div>\n\t\t\t\t\t<\/div>\n\t\t<\/div>\n\t\t\t\t\t<\/div>\n\t\t<\/section>\n\t\t\t\t<section class=\"elementor-section elementor-top-section elementor-element elementor-element-2dc52e5 elementor-section-content-middle elementor-reverse-mobile elementor-reverse-tablet elementor-section-boxed elementor-section-height-default elementor-section-height-default\" data-id=\"2dc52e5\" data-element_type=\"section\" data-e-type=\"section\" data-settings=\"{&quot;background_background&quot;:&quot;classic&quot;}\">\n\t\t\t\t\t\t<div class=\"elementor-container elementor-column-gap-wider\">\n\t\t\t\t\t<div class=\"elementor-column elementor-col-50 elementor-top-column elementor-element elementor-element-79de9fc\" data-id=\"79de9fc\" data-element_type=\"column\" data-e-type=\"column\" data-settings=\"{&quot;background_background&quot;:&quot;classic&quot;}\">\n\t\t\t<div class=\"elementor-widget-wrap elementor-element-populated\">\n\t\t\t\t\t\t<div class=\"elementor-element elementor-element-aee89f0 elementor-widget-mobile__width-inherit elementor-widget elementor-widget-heading\" data-id=\"aee89f0\" data-element_type=\"widget\" data-e-type=\"widget\" data-widget_type=\"heading.default\">\n\t\t\t\t<div class=\"elementor-widget-container\">\n\t\t\t\t\t<h2 class=\"elementor-heading-title elementor-size-default\">Achievements &amp; Affiliations<\/h2>\t\t\t\t<\/div>\n\t\t\t\t<\/div>\n\t\t\t\t<div class=\"elementor-element elementor-element-ce119e5 elementor-icon-list--layout-traditional elementor-list-item-link-full_width elementor-widget elementor-widget-icon-list\" data-id=\"ce119e5\" data-element_type=\"widget\" data-e-type=\"widget\" data-widget_type=\"icon-list.default\">\n\t\t\t\t<div class=\"elementor-widget-container\">\n\t\t\t\t\t\t\t<ul class=\"elementor-icon-list-items\">\n\t\t\t\t\t\t\t<li class=\"elementor-icon-list-item\">\n\t\t\t\t\t\t\t\t\t\t\t<span class=\"elementor-icon-list-icon\">\n\t\t\t\t\t\t\t<i aria-hidden=\"true\" class=\"fas fa-circle\"><\/i>\t\t\t\t\t\t<\/span>\n\t\t\t\t\t\t\t\t\t\t<span class=\"elementor-icon-list-text\">JD de la Facultad de Derecho Louis D. Brandeis de la Universidad de Louisville, summa cum laude<\/span>\n\t\t\t\t\t\t\t\t\t<\/li>\n\t\t\t\t\t\t\t\t<li class=\"elementor-icon-list-item\">\n\t\t\t\t\t\t\t\t\t\t\t<span class=\"elementor-icon-list-icon\">\n\t\t\t\t\t\t\t<i aria-hidden=\"true\" class=\"fas fa-circle\"><\/i>\t\t\t\t\t\t<\/span>\n\t\t\t\t\t\t\t\t\t\t<span class=\"elementor-icon-list-text\">Licenciada en Trabajo Social de la Universidad de Asbury, magna cum laude<\/span>\n\t\t\t\t\t\t\t\t\t<\/li>\n\t\t\t\t\t\t\t\t<li class=\"elementor-icon-list-item\">\n\t\t\t\t\t\t\t\t\t\t\t<span class=\"elementor-icon-list-icon\">\n\t\t\t\t\t\t\t<i aria-hidden=\"true\" class=\"fas fa-circle\"><\/i>\t\t\t\t\t\t<\/span>\n\t\t\t\t\t\t\t\t\t\t<span class=\"elementor-icon-list-text\">Mediadora Certificada en Derecho de Familia<\/span>\n\t\t\t\t\t\t\t\t\t<\/li>\n\t\t\t\t\t\t\t\t<li class=\"elementor-icon-list-item\">\n\t\t\t\t\t\t\t\t\t\t\t<span class=\"elementor-icon-list-icon\">\n\t\t\t\t\t\t\t<i aria-hidden=\"true\" class=\"fas fa-circle\"><\/i>\t\t\t\t\t\t<\/span>\n\t\t\t\t\t\t\t\t\t\t<span class=\"elementor-icon-list-text\">Premio del Libro Dean\u2019s Brandeis, 2019<\/span>\n\t\t\t\t\t\t\t\t\t<\/li>\n\t\t\t\t\t\t\t\t<li class=\"elementor-icon-list-item\">\n\t\t\t\t\t\t\t\t\t\t\t<span class=\"elementor-icon-list-icon\">\n\t\t\t\t\t\t\t<i aria-hidden=\"true\" class=\"fas fa-circle\"><\/i>\t\t\t\t\t\t<\/span>\n\t\t\t\t\t\t\t\t\t\t<span class=\"elementor-icon-list-text\">Ganadora de la Competencia de Defensa Oral Intra-Escolar Pirtle-Washer, 2018<\/span>\n\t\t\t\t\t\t\t\t\t<\/li>\n\t\t\t\t\t\t\t\t<li class=\"elementor-icon-list-item\">\n\t\t\t\t\t\t\t\t\t\t\t<span class=\"elementor-icon-list-icon\">\n\t\t\t\t\t\t\t<i aria-hidden=\"true\" class=\"fas fa-circle\"><\/i>\t\t\t\t\t\t<\/span>\n\t\t\t\t\t\t\t\t\t\t<span class=\"elementor-icon-list-text\">Semifinalista Regional del Equipo del Tribunal Simulado de Asesoramiento al Cliente, 2020<\/span>\n\t\t\t\t\t\t\t\t\t<\/li>\n\t\t\t\t\t\t\t\t<li class=\"elementor-icon-list-item\">\n\t\t\t\t\t\t\t\t\t\t\t<span class=\"elementor-icon-list-icon\">\n\t\t\t\t\t\t\t<i aria-hidden=\"true\" class=\"fas fa-circle\"><\/i>\t\t\t\t\t\t<\/span>\n\t\t\t\t\t\t\t\t\t\t<span class=\"elementor-icon-list-text\">Cuartofinalista Nacional del Equipo del Tribunal Simulado de Compensaci\u00f3n de los Trabajadores, 2018<\/span>\n\t\t\t\t\t\t\t\t\t<\/li>\n\t\t\t\t\t\t\t\t<li class=\"elementor-icon-list-item\">\n\t\t\t\t\t\t\t\t\t\t\t<span class=\"elementor-icon-list-icon\">\n\t\t\t\t\t\t\t<i aria-hidden=\"true\" class=\"fas fa-circle\"><\/i>\t\t\t\t\t\t<\/span>\n\t\t\t\t\t\t\t\t\t\t<span class=\"elementor-icon-list-text\">Sociedad de Honor de Trabajo Social Phi Alpha<\/span>\n\t\t\t\t\t\t\t\t\t<\/li>\n\t\t\t\t\t\t\t\t<li class=\"elementor-icon-list-item\">\n\t\t\t\t\t\t\t\t\t\t\t<span class=\"elementor-icon-list-icon\">\n\t\t\t\t\t\t\t<i aria-hidden=\"true\" class=\"fas fa-circle\"><\/i>\t\t\t\t\t\t<\/span>\n\t\t\t\t\t\t\t\t\t\t<span class=\"elementor-icon-list-text\">Miembro, Asociaci\u00f3n de Abogados de Kentucky, Divisi\u00f3n de Abogados J\u00f3venes y Divisi\u00f3n de Derecho de Familia<\/span>\n\t\t\t\t\t\t\t\t\t<\/li>\n\t\t\t\t\t\t\t\t<li class=\"elementor-icon-list-item\">\n\t\t\t\t\t\t\t\t\t\t\t<span class=\"elementor-icon-list-icon\">\n\t\t\t\t\t\t\t<i aria-hidden=\"true\" class=\"fas fa-circle\"><\/i>\t\t\t\t\t\t<\/span>\n\t\t\t\t\t\t\t\t\t\t<span class=\"elementor-icon-list-text\">Miembro, Asociaci\u00f3n de Abogados de Louisville<\/span>\n\t\t\t\t\t\t\t\t\t<\/li>\n\t\t\t\t\t\t\t\t<li class=\"elementor-icon-list-item\">\n\t\t\t\t\t\t\t\t\t\t\t<span class=\"elementor-icon-list-icon\">\n\t\t\t\t\t\t\t<i aria-hidden=\"true\" class=\"fas fa-circle\"><\/i>\t\t\t\t\t\t<\/span>\n\t\t\t\t\t\t\t\t\t\t<span class=\"elementor-icon-list-text\">Miembro, Asociaci\u00f3n Americana de Abogados de Inmigraci\u00f3n<\/span>\n\t\t\t\t\t\t\t\t\t<\/li>\n\t\t\t\t\t\t<\/ul>\n\t\t\t\t\t\t<\/div>\n\t\t\t\t<\/div>\n\t\t\t\t\t<\/div>\n\t\t<\/div>\n\t\t\t\t<div class=\"elementor-column elementor-col-50 elementor-top-column elementor-element elementor-element-1ff0b7d\" data-id=\"1ff0b7d\" data-element_type=\"column\" data-e-type=\"column\">\n\t\t\t<div class=\"elementor-widget-wrap elementor-element-populated\">\n\t\t\t\t\t\t<div class=\"elementor-element elementor-element-b2bf245 elementor-widget elementor-widget-text-editor\" data-id=\"b2bf245\" data-element_type=\"widget\" data-e-type=\"widget\" data-widget_type=\"text-editor.default\">\n\t\t\t\t<div class=\"elementor-widget-container\">\n\t\t\t\t\t\t\t\t\t<p><span style=\"font-weight: 400;\">No quer\u00eda esperar 160 a\u00f1os para tener una representaci\u00f3n igualitaria en la fuerza laboral, y no quer\u00eda abrirme camino a duras penas para llegar a un asiento en una mesa que se basa en siglos de exclusi\u00f3n de las mujeres. Entonces, decid\u00ed construir mi propia mesa y fund\u00e9 Flor de Ley.<\/span><\/p><p><span style=\"font-weight: 400;\">En lugar de buscar un bufete de abogados propiedad de una mujer que sirviera a la comunidad que amo, cre\u00e9 el m\u00edo propio.<\/span><\/p><p><span style=\"font-weight: 400;\">He vivido en Louisville toda mi vida y estoy muy emocionada de construir mi negocio en la ciudad que amo y servir a las personas incre\u00edbles de aqu\u00ed.\u00a0<\/span><\/p><p><span style=\"font-weight: 400;\">La flor de lis es un s\u00edmbolo de Louisville, y quer\u00eda incorporar este s\u00edmbolo a mi empresa para mostrarme a m\u00ed misma y a los que me rodean que me dedico a servir a los habitantes de Louisville.\u00a0<\/span><\/p><p><span style=\"font-weight: 400;\">Adem\u00e1s de ser un s\u00edmbolo de Louisville, es un s\u00edmbolo de luz y vida. Quiero adoptar esto para mostrar que, mientras que la acci\u00f3n legal puede hacer que el mundo se sienta como si se estuviera acabando, un excelente abogado puede ayudar a que la vida contin\u00fae.<\/span><\/p><p><span style=\"font-weight: 400;\">Eso es lo que quiero ser para ti y tu caso.<\/span><\/p>\t\t\t\t\t\t\t\t<\/div>\n\t\t\t\t<\/div>\n\t\t\t\t\t<\/div>\n\t\t<\/div>\n\t\t\t\t\t<\/div>\n\t\t<\/section>\n\t\t\t\t<\/div>","protected":false},"excerpt":{"rendered":"<p>About Us Empathy, kindness, and excellence at the service of your well-being. Founded and located in Louisville, KY, Fleur de Law is a legal firm that covers a wide array of family law cases including domestic violence lawsuits, divorce cases, and asset and children custody-related claims. Taking a holistic approach to legal services, we take [&hellip;]<\/p>\n","protected":false},"author":1,"featured_media":0,"parent":0,"menu_order":0,"comment_status":"closed","ping_status":"closed","template":"","meta":{"footnotes":""},"class_list":["post-293","page","type-page","status-publish","hentry"],"_links":{"self":[{"href":"https:\/\/fleurdelaw.com\/es\/wp-json\/wp\/v2\/pages\/293","targetHints":{"allow":["GET"]}}],"collection":[{"href":"https:\/\/fleurdelaw.com\/es\/wp-json\/wp\/v2\/pages"}],"about":[{"href":"https:\/\/fleurdelaw.com\/es\/wp-json\/wp\/v2\/types\/page"}],"author":[{"embeddable":true,"href":"https:\/\/fleurdelaw.com\/es\/wp-json\/wp\/v2\/users\/1"}],"replies":[{"embeddable":true,"href":"https:\/\/fleurdelaw.com\/es\/wp-json\/wp\/v2\/comments?post=293"}],"version-history":[{"count":43,"href":"https:\/\/fleurdelaw.com\/es\/wp-json\/wp\/v2\/pages\/293\/revisions"}],"predecessor-version":[{"id":499,"href":"https:\/\/fleurdelaw.com\/es\/wp-json\/wp\/v2\/pages\/293\/revisions\/499"}],"wp:attachment":[{"href":"https:\/\/fleurdelaw.com\/es\/wp-json\/wp\/v2\/media?parent=293"}],"curies":[{"name":"wp","href":"https:\/\/api.w.org\/{rel}","templated":true}]}}