{"id":412,"date":"2022-11-15T19:28:42","date_gmt":"2022-11-15T19:28:42","guid":{"rendered":"http:\/\/fleurdelaw.com\/?page_id=412"},"modified":"2022-11-15T19:32:25","modified_gmt":"2022-11-15T19:32:25","slug":"disclaimer","status":"publish","type":"page","link":"https:\/\/fleurdelaw.com\/es\/disclaimer\/","title":{"rendered":"Renuncia De Responsabilidad"},"content":{"rendered":"<div data-elementor-type=\"wp-page\" data-elementor-id=\"412\" class=\"elementor elementor-412\" data-elementor-post-type=\"page\">\n\t\t\t\t\t\t<section class=\"elementor-section elementor-top-section elementor-element elementor-element-e62845d elementor-section-boxed elementor-section-height-default elementor-section-height-default\" data-id=\"e62845d\" data-element_type=\"section\" data-e-type=\"section\" data-no-translation=\"\">\n\t\t\t\t\t\t<div class=\"elementor-container elementor-column-gap-default\">\n\t\t\t\t\t<div class=\"elementor-column elementor-col-100 elementor-top-column elementor-element elementor-element-f4a802e\" data-id=\"f4a802e\" data-element_type=\"column\" data-e-type=\"column\">\n\t\t\t<div class=\"elementor-widget-wrap elementor-element-populated\">\n\t\t\t\t\t\t<div class=\"elementor-element elementor-element-25696a6 fl-content elementor-widget elementor-widget-text-editor\" data-id=\"25696a6\" data-element_type=\"widget\" data-e-type=\"widget\" data-widget_type=\"text-editor.default\">\n\t\t\t\t<div class=\"elementor-widget-container\">\n\t\t\t\t\t\t\t\t\t<h1><span style=\"font-weight: 400;\">Renuncia De Responsabilidad<\/span><\/h1><p><b>El contenido de este sitio web se proporciona \u00fanicamente con fines informativos y publicitarios, y no debe interpretarse como asesoramiento legal sobre ning\u00fan tema. <\/b><span style=\"font-weight: 400;\">Este sitio web contiene informaci\u00f3n general y puede no reflejar desarrollos legales actuales, veredictos o acuerdos.Flor de Ley renuncia expresamente a toda responsabilidad con respecto a las acciones tomadas o no tomadas en base a cualquiera o todos los contenidos de este sitio web.<\/span><\/p><p><span style=\"font-weight: 400;\">Cualquier contenido dentro de este sitio web, testimonios o endosos no constituye una garant\u00eda, garant\u00eda o predicci\u00f3n con respecto al resultado de su asunto legal. Los resultados de los casos son \u00fanicos para cada caso. Nuestros \u00e9xitos pasados \u200b\u200bno garantizan ni garantizan el resultado de su caso.<\/span><\/p><p><span style=\"font-weight: 400;\">Los contenidos de este sitio web est\u00e1n destinados exclusivamente a los residentes del estado de Kentucky. Nuestros abogados solo tienen licencia en el estado de Kentucky. La ley de Kentucky puede cambiar y \/ o se actualiza de a\u00f1o en a\u00f1o, incluidos los estatutos, c\u00f3digos, reglas e incluso casos de apelaci\u00f3n (si se anulan). Esto puede cambiar la aplicaci\u00f3n y la intenci\u00f3n de la ley de manera significativa. No asuma que la ley citada en el momento en que se escribi\u00f3 un art\u00edculo en este sitio sigue siendo la ley.<\/span><\/p><p><span style=\"font-weight: 400;\">Todas las representaciones visuales de eventos son dramatizaciones. Este anuncio es pagado por Flor de Ley que es un abogado con licencia de Kentucky. Este anuncio es solo para clientes de Kentucky. Flor de Ley acepta solo asuntos de Kentucky. Los servicios legales est\u00e1n limitados a clientes de Kentucky. Este anuncio no constituye asesoramiento legal y no es una garant\u00eda, garant\u00eda o predicci\u00f3n con respecto al resultado de cualquier asunto legal. Cada caso es diferente. Los resultados dependen de la ley \u00fanica, los hechos y las circunstancias de cada caso. La contrataci\u00f3n de un abogado es una decisi\u00f3n importante que no debe basarse \u00fanicamente en la publicidad. Solicite informaci\u00f3n gratuita sobre los antecedentes y la experiencia de su abogado. No se garantiza que la calidad del servicio legal que se realice sea superior a la de otros abogados. No se garantiza que los abogados sean especialistas certificados o expertos en ning\u00fan campo del derecho. No se proporcionar\u00e1n servicios legales a menos que el cliente y el abogado firmen un acuerdo por escrito.<\/span><span style=\"font-weight: 400;\">\u00a0<\/span><\/p><p><span style=\"font-weight: 400;\">Cualquier informaci\u00f3n enviada a Flor de Ley\u00a0 por correo electr\u00f3nico a trav\u00e9s de Internet o del sitio web no es segura y se realiza de forma no confidencial. La transmisi\u00f3n de informaci\u00f3n desde este sitio web no crea una relaci\u00f3n abogado-cliente entre usted y la firma, ni tiene la intenci\u00f3n de hacerlo. La transmisi\u00f3n del sitio web, en parte o en su totalidad, y \/ o cualquier comunicaci\u00f3n con nosotros por correo electr\u00f3nico a trav\u00e9s de este sitio no constituye ni crea una relaci\u00f3n abogado-cliente entre nosotros y los destinatarios.<\/span><\/p><p><span style=\"font-weight: 400;\">Algunos enlaces dentro del sitio web pueden conducir a otros sitios web, incluidos los operados y mantenidos por terceros. La Firma incluye estos enlaces \u00fanicamente para su conveniencia, y la presencia de dicho enlace no implica una responsabilidad por el sitio vinculado o un respaldo del sitio vinculado, su operador o sus contenidos.<\/span><span style=\"font-weight: 400;\">\u00a0<\/span><\/p><p><span style=\"font-weight: 400;\">Este sitio web y sus contenidos se proporcionan &#8220;TAL CUAL&#8221; sin garant\u00eda de ning\u00fan tipo, ya sea expresa o impl\u00edcita, incluidas, entre otras, las garant\u00edas impl\u00edcitas de comerciabilidad, idoneidad para un prop\u00f3sito particular o no infracci\u00f3n. Flor de Ley\u00a0 no desea representar a nadie que desee una representaci\u00f3n basada en ver este sitio web en un estado donde este sitio web no cumple con todas las leyes y normas \u00e9ticas de ese estado.<\/span><\/p><p><span style=\"font-weight: 400;\">La reproducci\u00f3n, distribuci\u00f3n, republicaci\u00f3n y \/ o retransmisi\u00f3n de cualquier material contenido en este sitio web est\u00e1 estrictamente prohibida a menos que se haya obtenido un permiso previo por escrito de Flor de Ley.<\/span><\/p>\t\t\t\t\t\t\t\t<\/div>\n\t\t\t\t<\/div>\n\t\t\t\t\t<\/div>\n\t\t<\/div>\n\t\t\t\t\t<\/div>\n\t\t<\/section>\n\t\t\t\t<\/div>","protected":false},"excerpt":{"rendered":"<p>Disclaimer The contents of this website are provided for informational and advertising purposes only, and should not be construed as legal advice on any subject matter. This website contains general information and may not reflect current legal developments, verdicts, or settlements. Fleur de Law, LLC expressly disclaims all liability in respect to actions taken or [&hellip;]<\/p>\n","protected":false},"author":1,"featured_media":0,"parent":0,"menu_order":0,"comment_status":"closed","ping_status":"open","template":"","meta":{"footnotes":""},"class_list":["post-412","page","type-page","status-publish","hentry"],"_links":{"self":[{"href":"https:\/\/fleurdelaw.com\/es\/wp-json\/wp\/v2\/pages\/412","targetHints":{"allow":["GET"]}}],"collection":[{"href":"https:\/\/fleurdelaw.com\/es\/wp-json\/wp\/v2\/pages"}],"about":[{"href":"https:\/\/fleurdelaw.com\/es\/wp-json\/wp\/v2\/types\/page"}],"author":[{"embeddable":true,"href":"https:\/\/fleurdelaw.com\/es\/wp-json\/wp\/v2\/users\/1"}],"replies":[{"embeddable":true,"href":"https:\/\/fleurdelaw.com\/es\/wp-json\/wp\/v2\/comments?post=412"}],"version-history":[{"count":3,"href":"https:\/\/fleurdelaw.com\/es\/wp-json\/wp\/v2\/pages\/412\/revisions"}],"predecessor-version":[{"id":415,"href":"https:\/\/fleurdelaw.com\/es\/wp-json\/wp\/v2\/pages\/412\/revisions\/415"}],"wp:attachment":[{"href":"https:\/\/fleurdelaw.com\/es\/wp-json\/wp\/v2\/media?parent=412"}],"curies":[{"name":"wp","href":"https:\/\/api.w.org\/{rel}","templated":true}]}}